{"id":322,"date":"2025-06-24T12:41:13","date_gmt":"2025-06-24T10:41:13","guid":{"rendered":"https:\/\/margauxusseglio.com\/?page_id=322"},"modified":"2026-01-09T12:01:08","modified_gmt":"2026-01-09T11:01:08","slug":"elementor-page-322","status":"publish","type":"page","link":"https:\/\/margauxusseglio.com\/index.php\/accueil\/elementor-page-322\/","title":{"rendered":"print"},"content":{"rendered":"\t\t<div data-elementor-type=\"wp-page\" data-elementor-id=\"322\" class=\"elementor elementor-322\" data-elementor-post-type=\"page\">\n\t\t\t\t<div class=\"elementor-element elementor-element-4746a88 e-con-full e-flex e-con e-parent\" data-id=\"4746a88\" data-element_type=\"container\">\n\t\t\t\t<div class=\"elementor-element elementor-element-a7ef230 elementor-widget elementor-widget-spacer\" data-id=\"a7ef230\" data-element_type=\"widget\" data-widget_type=\"spacer.default\">\n\t\t\t\t<div class=\"elementor-widget-container\">\n\t\t\t\t\t\t\t<div class=\"elementor-spacer\">\n\t\t\t<div class=\"elementor-spacer-inner\"><\/div>\n\t\t<\/div>\n\t\t\t\t\t\t<\/div>\n\t\t\t\t<\/div>\n\t\t\t\t<div class=\"elementor-element elementor-element-069a7b5 elementor-widget elementor-widget-heading\" data-id=\"069a7b5\" data-element_type=\"widget\" data-widget_type=\"heading.default\">\n\t\t\t\t<div class=\"elementor-widget-container\">\n\t\t\t\t\t<h2 class=\"elementor-heading-title elementor-size-default\">PRINT<\/h2>\t\t\t\t<\/div>\n\t\t\t\t<\/div>\n\t\t\t\t<div class=\"elementor-element elementor-element-c82ccc3 elementor-grid-mobile-2 elementor-grid-3 elementor-grid-tablet-2 elementor-widget elementor-widget-portfolio\" data-id=\"c82ccc3\" data-element_type=\"widget\" data-settings=\"{&quot;item_ratio&quot;:{&quot;unit&quot;:&quot;px&quot;,&quot;size&quot;:0.8,&quot;sizes&quot;:[]},&quot;row_gap&quot;:{&quot;unit&quot;:&quot;px&quot;,&quot;size&quot;:13,&quot;sizes&quot;:[]},&quot;columns_mobile&quot;:&quot;2&quot;,&quot;columns&quot;:&quot;3&quot;,&quot;columns_tablet&quot;:&quot;2&quot;,&quot;item_gap&quot;:{&quot;unit&quot;:&quot;px&quot;,&quot;size&quot;:&quot;&quot;,&quot;sizes&quot;:[]}}\" data-widget_type=\"portfolio.default\">\n\t\t\t\t<div class=\"elementor-widget-container\">\n\t\t\t\t\t\t\t<div class=\"elementor-portfolio elementor-grid elementor-posts-container\" role=\"list\">\n\t\t\t\t<article class=\"elementor-portfolio-item elementor-post  post-1224 post type-post status-publish format-standard hentry category-print\" role=\"listitem\">\n\t\t\t<a class=\"elementor-post__thumbnail__link\" href=\"https:\/\/margauxusseglio.com\/index.php\/2026\/01\/09\/depliant-theatre-narbonne\/\">\n\t\t\t\t<div class=\"elementor-portfolio-item__img elementor-post__thumbnail\">\n\t\t\t\t\t<\/div>\n\t\t\t\t<div class=\"elementor-portfolio-item__overlay\">\n\t\t\t\t<h3 class=\"elementor-portfolio-item__title\">\n\t\tD\u00e9pliant Th\u00e9\u00e2tre Narbonne\t\t<\/h3>\n\t\t\t\t<\/div>\n\t\t\t\t<\/a>\n\t\t<\/article>\n\t\t\t\t<article class=\"elementor-portfolio-item elementor-post  post-363 post type-post status-publish format-standard has-post-thumbnail hentry category-print\" role=\"listitem\">\n\t\t\t<a class=\"elementor-post__thumbnail__link\" href=\"https:\/\/margauxusseglio.com\/index.php\/2025\/06\/24\/fanzine-eloise-labarbe-lafon\/\">\n\t\t\t\t<div class=\"elementor-portfolio-item__img elementor-post__thumbnail\">\n\t\t\t<img fetchpriority=\"high\" decoding=\"async\" width=\"300\" height=\"209\" src=\"https:\/\/margauxusseglio.com\/wp-content\/uploads\/2025\/06\/affiche1-300x209.jpg\" class=\"attachment-medium size-medium wp-image-534\" alt=\"\" srcset=\"https:\/\/margauxusseglio.com\/wp-content\/uploads\/2025\/06\/affiche1-300x209.jpg 300w, https:\/\/margauxusseglio.com\/wp-content\/uploads\/2025\/06\/affiche1-1024x712.jpg 1024w, https:\/\/margauxusseglio.com\/wp-content\/uploads\/2025\/06\/affiche1-768x534.jpg 768w, https:\/\/margauxusseglio.com\/wp-content\/uploads\/2025\/06\/affiche1-1536x1068.jpg 1536w, https:\/\/margauxusseglio.com\/wp-content\/uploads\/2025\/06\/affiche1-2048x1424.jpg 2048w\" sizes=\"(max-width: 300px) 100vw, 300px\" \/>\t\t<\/div>\n\t\t\t\t<div class=\"elementor-portfolio-item__overlay\">\n\t\t\t\t<h3 class=\"elementor-portfolio-item__title\">\n\t\tFanzine Elo\u00efse Labarbe-Lafon\t\t<\/h3>\n\t\t\t\t<\/div>\n\t\t\t\t<\/a>\n\t\t<\/article>\n\t\t\t\t<article class=\"elementor-portfolio-item elementor-post  post-1203 post type-post status-publish format-standard has-post-thumbnail hentry category-print\" role=\"listitem\">\n\t\t\t<a class=\"elementor-post__thumbnail__link\" href=\"https:\/\/margauxusseglio.com\/index.php\/2026\/01\/09\/magazine-mexique\/\">\n\t\t\t\t<div class=\"elementor-portfolio-item__img elementor-post__thumbnail\">\n\t\t\t<img decoding=\"async\" width=\"300\" height=\"200\" src=\"https:\/\/margauxusseglio.com\/wp-content\/uploads\/2026\/01\/MockupMagazineMexique-300x200.jpg\" class=\"attachment-medium size-medium wp-image-1205\" alt=\"\" srcset=\"https:\/\/margauxusseglio.com\/wp-content\/uploads\/2026\/01\/MockupMagazineMexique-300x200.jpg 300w, https:\/\/margauxusseglio.com\/wp-content\/uploads\/2026\/01\/MockupMagazineMexique-1024x683.jpg 1024w, https:\/\/margauxusseglio.com\/wp-content\/uploads\/2026\/01\/MockupMagazineMexique-768x512.jpg 768w, https:\/\/margauxusseglio.com\/wp-content\/uploads\/2026\/01\/MockupMagazineMexique-1536x1024.jpg 1536w, https:\/\/margauxusseglio.com\/wp-content\/uploads\/2026\/01\/MockupMagazineMexique-2048x1366.jpg 2048w\" sizes=\"(max-width: 300px) 100vw, 300px\" \/>\t\t<\/div>\n\t\t\t\t<div class=\"elementor-portfolio-item__overlay\">\n\t\t\t\t<h3 class=\"elementor-portfolio-item__title\">\n\t\tMagazine Mexique\t\t<\/h3>\n\t\t\t\t<\/div>\n\t\t\t\t<\/a>\n\t\t<\/article>\n\t\t\t\t<article class=\"elementor-portfolio-item elementor-post  post-418 post type-post status-publish format-standard has-post-thumbnail hentry category-print\" role=\"listitem\">\n\t\t\t<a class=\"elementor-post__thumbnail__link\" href=\"https:\/\/margauxusseglio.com\/index.php\/2025\/06\/24\/livre-comment-bien-choisir-son-vin\/\">\n\t\t\t\t<div class=\"elementor-portfolio-item__img elementor-post__thumbnail\">\n\t\t\t<img decoding=\"async\" width=\"300\" height=\"169\" src=\"https:\/\/margauxusseglio.com\/wp-content\/uploads\/2025\/06\/vin2-copie-1-300x169.jpg\" class=\"attachment-medium size-medium wp-image-419\" alt=\"\" srcset=\"https:\/\/margauxusseglio.com\/wp-content\/uploads\/2025\/06\/vin2-copie-1-300x169.jpg 300w, https:\/\/margauxusseglio.com\/wp-content\/uploads\/2025\/06\/vin2-copie-1-1024x576.jpg 1024w, https:\/\/margauxusseglio.com\/wp-content\/uploads\/2025\/06\/vin2-copie-1-768x432.jpg 768w, https:\/\/margauxusseglio.com\/wp-content\/uploads\/2025\/06\/vin2-copie-1-1536x864.jpg 1536w, https:\/\/margauxusseglio.com\/wp-content\/uploads\/2025\/06\/vin2-copie-1-2048x1152.jpg 2048w\" sizes=\"(max-width: 300px) 100vw, 300px\" \/>\t\t<\/div>\n\t\t\t\t<div class=\"elementor-portfolio-item__overlay\">\n\t\t\t\t<h3 class=\"elementor-portfolio-item__title\">\n\t\tLivre : \u00ab\u00a0Comment bien choisir son vin ?\u00a0\u00bb\t\t<\/h3>\n\t\t\t\t<\/div>\n\t\t\t\t<\/a>\n\t\t<\/article>\n\t\t\t\t<article class=\"elementor-portfolio-item elementor-post  post-440 post type-post status-publish format-standard has-post-thumbnail hentry category-print\" role=\"listitem\">\n\t\t\t<a class=\"elementor-post__thumbnail__link\" href=\"https:\/\/margauxusseglio.com\/index.php\/2025\/06\/24\/magazine-luxeor\/\">\n\t\t\t\t<div class=\"elementor-portfolio-item__img elementor-post__thumbnail\">\n\t\t\t<img loading=\"lazy\" decoding=\"async\" width=\"300\" height=\"200\" src=\"https:\/\/margauxusseglio.com\/wp-content\/uploads\/2025\/06\/magazine2-1-300x200.jpg\" class=\"attachment-medium size-medium wp-image-441\" alt=\"\" srcset=\"https:\/\/margauxusseglio.com\/wp-content\/uploads\/2025\/06\/magazine2-1-300x200.jpg 300w, https:\/\/margauxusseglio.com\/wp-content\/uploads\/2025\/06\/magazine2-1-1024x683.jpg 1024w, https:\/\/margauxusseglio.com\/wp-content\/uploads\/2025\/06\/magazine2-1-768x512.jpg 768w, https:\/\/margauxusseglio.com\/wp-content\/uploads\/2025\/06\/magazine2-1-1536x1024.jpg 1536w, https:\/\/margauxusseglio.com\/wp-content\/uploads\/2025\/06\/magazine2-1-2048x1366.jpg 2048w\" sizes=\"(max-width: 300px) 100vw, 300px\" \/>\t\t<\/div>\n\t\t\t\t<div class=\"elementor-portfolio-item__overlay\">\n\t\t\t\t<h3 class=\"elementor-portfolio-item__title\">\n\t\tMagazine &#8211; Luxeor\t\t<\/h3>\n\t\t\t\t<\/div>\n\t\t\t\t<\/a>\n\t\t<\/article>\n\t\t\t\t<\/div>\n\t\t\t\t\t\t<\/div>\n\t\t\t\t<\/div>\n\t\t\t\t<\/div>\n\t\t\t\t<\/div>\n\t\t","protected":false},"excerpt":{"rendered":"<p>PRINT<\/p>\n","protected":false},"author":1,"featured_media":0,"parent":77,"menu_order":0,"comment_status":"closed","ping_status":"closed","template":"","meta":{"footnotes":""},"class_list":["post-322","page","type-page","status-publish","hentry"],"_links":{"self":[{"href":"https:\/\/margauxusseglio.com\/index.php\/wp-json\/wp\/v2\/pages\/322","targetHints":{"allow":["GET"]}}],"collection":[{"href":"https:\/\/margauxusseglio.com\/index.php\/wp-json\/wp\/v2\/pages"}],"about":[{"href":"https:\/\/margauxusseglio.com\/index.php\/wp-json\/wp\/v2\/types\/page"}],"author":[{"embeddable":true,"href":"https:\/\/margauxusseglio.com\/index.php\/wp-json\/wp\/v2\/users\/1"}],"replies":[{"embeddable":true,"href":"https:\/\/margauxusseglio.com\/index.php\/wp-json\/wp\/v2\/comments?post=322"}],"version-history":[{"count":32,"href":"https:\/\/margauxusseglio.com\/index.php\/wp-json\/wp\/v2\/pages\/322\/revisions"}],"predecessor-version":[{"id":1245,"href":"https:\/\/margauxusseglio.com\/index.php\/wp-json\/wp\/v2\/pages\/322\/revisions\/1245"}],"up":[{"embeddable":true,"href":"https:\/\/margauxusseglio.com\/index.php\/wp-json\/wp\/v2\/pages\/77"}],"wp:attachment":[{"href":"https:\/\/margauxusseglio.com\/index.php\/wp-json\/wp\/v2\/media?parent=322"}],"curies":[{"name":"wp","href":"https:\/\/api.w.org\/{rel}","templated":true}]}}